{"id":5433,"date":"2022-09-08T10:58:01","date_gmt":"2022-09-08T08:58:01","guid":{"rendered":"https:\/\/www.ct-ipc.com\/industry\/technical-facilities\/biodegradabilite\/"},"modified":"2023-11-08T18:36:24","modified_gmt":"2023-11-08T17:36:24","slug":"biodegradability","status":"publish","type":"page","link":"https:\/\/www.ct-ipc.com\/en\/industry\/technical-facilities\/biodegradability\/","title":{"rendered":"Biodegradability"},"content":{"rendered":"","protected":false},"excerpt":{"rendered":"A line to test the biodegradability of your plastics in industrial composting, home composting or marine environments.","protected":false},"author":4,"featured_media":0,"parent":5429,"menu_order":26,"comment_status":"closed","ping_status":"closed","template":"","meta":{"_acf_changed":false,"footnotes":""},"class_list":["post-5433","page","type-page","status-publish","hentry","das-industry","thematics-circular-economy"],"acf":[],"yoast_head":"<!-- This site is optimized with the Yoast SEO plugin v27.4 - https:\/\/yoast.com\/product\/yoast-seo-wordpress\/ -->\n<title>Biodegradability - IPC, Centre Technique Industriel de la Plasturgie et des Composites<\/title>\n<meta name=\"description\" content=\"IPC a mis en place la ligne Biod\u00e9gradix qui permet d&#039;\u00e9valuer l\u2019ensemble des param\u00e8tres de biod\u00e9gradabilit\u00e9 d&#039;un plastique en milieu compost ou marin.\" \/>\n<meta name=\"robots\" content=\"index, follow, max-snippet:-1, max-image-preview:large, max-video-preview:-1\" \/>\n<link rel=\"canonical\" href=\"https:\/\/www.ct-ipc.com\/en\/industry\/technical-facilities\/biodegradability\/\" \/>\n<meta property=\"og:locale\" content=\"en_US\" \/>\n<meta property=\"og:type\" content=\"article\" \/>\n<meta property=\"og:title\" content=\"Biodegradability - IPC, Centre Technique Industriel de la Plasturgie et des Composites\" \/>\n<meta property=\"og:description\" content=\"IPC a mis en place la ligne Biod\u00e9gradix qui permet d&#039;\u00e9valuer l\u2019ensemble des param\u00e8tres de biod\u00e9gradabilit\u00e9 d&#039;un plastique en milieu compost ou marin.\" \/>\n<meta property=\"og:url\" content=\"https:\/\/www.ct-ipc.com\/en\/industry\/technical-facilities\/biodegradability\/\" \/>\n<meta property=\"og:site_name\" content=\"IPC, Centre Technique Industriel de la Plasturgie et des Composites\" \/>\n<meta property=\"article:modified_time\" content=\"2023-11-08T17:36:24+00:00\" \/>\n<meta name=\"twitter:card\" content=\"summary_large_image\" \/>\n<script type=\"application\/ld+json\" class=\"yoast-schema-graph\">{\"@context\":\"https:\\\/\\\/schema.org\",\"@graph\":[{\"@type\":\"WebPage\",\"@id\":\"https:\\\/\\\/www.ct-ipc.com\\\/en\\\/industry\\\/technical-facilities\\\/biodegradability\\\/\",\"url\":\"https:\\\/\\\/www.ct-ipc.com\\\/en\\\/industry\\\/technical-facilities\\\/biodegradability\\\/\",\"name\":\"Biodegradability - IPC, Centre Technique Industriel de la Plasturgie et des Composites\",\"isPartOf\":{\"@id\":\"https:\\\/\\\/www.ct-ipc.com\\\/en\\\/#website\"},\"datePublished\":\"2022-09-08T08:58:01+00:00\",\"dateModified\":\"2023-11-08T17:36:24+00:00\",\"description\":\"IPC a mis en place la ligne Biod\u00e9gradix qui permet d'\u00e9valuer l\u2019ensemble des param\u00e8tres de biod\u00e9gradabilit\u00e9 d'un plastique en milieu compost ou marin.\",\"breadcrumb\":{\"@id\":\"https:\\\/\\\/www.ct-ipc.com\\\/en\\\/industry\\\/technical-facilities\\\/biodegradability\\\/#breadcrumb\"},\"inLanguage\":\"en-US\",\"potentialAction\":[{\"@type\":\"ReadAction\",\"target\":[\"https:\\\/\\\/www.ct-ipc.com\\\/en\\\/industry\\\/technical-facilities\\\/biodegradability\\\/\"]}]},{\"@type\":\"BreadcrumbList\",\"@id\":\"https:\\\/\\\/www.ct-ipc.com\\\/en\\\/industry\\\/technical-facilities\\\/biodegradability\\\/#breadcrumb\",\"itemListElement\":[{\"@type\":\"ListItem\",\"position\":1,\"name\":\"Home\",\"item\":\"https:\\\/\\\/www.ct-ipc.com\\\/en\\\/\"},{\"@type\":\"ListItem\",\"position\":2,\"name\":\"Industry\",\"item\":\"https:\\\/\\\/www.ct-ipc.com\\\/en\\\/industry\\\/\"},{\"@type\":\"ListItem\",\"position\":3,\"name\":\"Technical facilities\",\"item\":\"https:\\\/\\\/www.ct-ipc.com\\\/en\\\/industry\\\/technical-facilities\\\/\"},{\"@type\":\"ListItem\",\"position\":4,\"name\":\"Biodegradability\"}]},{\"@type\":\"WebSite\",\"@id\":\"https:\\\/\\\/www.ct-ipc.com\\\/en\\\/#website\",\"url\":\"https:\\\/\\\/www.ct-ipc.com\\\/en\\\/\",\"name\":\"IPC, Centre Technique Industriel de la Plasturgie et des Composites\",\"description\":\"\",\"potentialAction\":[{\"@type\":\"SearchAction\",\"target\":{\"@type\":\"EntryPoint\",\"urlTemplate\":\"https:\\\/\\\/www.ct-ipc.com\\\/en\\\/?s={search_term_string}\"},\"query-input\":{\"@type\":\"PropertyValueSpecification\",\"valueRequired\":true,\"valueName\":\"search_term_string\"}}],\"inLanguage\":\"en-US\"}]}<\/script>\n<meta property=\"og:image\" content=\"https:\/\/www.ct-ipc.com\/wp-content\/themes\/ipc\/images\/ipc-og.jpg\" \/>\n                <meta property=\"og:image:width\" content=\"1200\" \/>\n\t            <meta property=\"og:image:height\" content=\"630\" \/>\n\t            <meta property=\"og:image:type\" content=\"image\/jpeg\" \/>\n<!-- \/ Yoast SEO plugin. -->","yoast_head_json":{"title":"Biodegradability - IPC, Centre Technique Industriel de la Plasturgie et des Composites","description":"IPC a mis en place la ligne Biod\u00e9gradix qui permet d'\u00e9valuer l\u2019ensemble des param\u00e8tres de biod\u00e9gradabilit\u00e9 d'un plastique en milieu compost ou marin.","robots":{"index":"index","follow":"follow","max-snippet":"max-snippet:-1","max-image-preview":"max-image-preview:large","max-video-preview":"max-video-preview:-1"},"canonical":"https:\/\/www.ct-ipc.com\/en\/industry\/technical-facilities\/biodegradability\/","og_locale":"en_US","og_type":"article","og_title":"Biodegradability - IPC, Centre Technique Industriel de la Plasturgie et des Composites","og_description":"IPC a mis en place la ligne Biod\u00e9gradix qui permet d'\u00e9valuer l\u2019ensemble des param\u00e8tres de biod\u00e9gradabilit\u00e9 d'un plastique en milieu compost ou marin.","og_url":"https:\/\/www.ct-ipc.com\/en\/industry\/technical-facilities\/biodegradability\/","og_site_name":"IPC, Centre Technique Industriel de la Plasturgie et des Composites","article_modified_time":"2023-11-08T17:36:24+00:00","twitter_card":"summary_large_image","schema":{"@context":"https:\/\/schema.org","@graph":[{"@type":"WebPage","@id":"https:\/\/www.ct-ipc.com\/en\/industry\/technical-facilities\/biodegradability\/","url":"https:\/\/www.ct-ipc.com\/en\/industry\/technical-facilities\/biodegradability\/","name":"Biodegradability - IPC, Centre Technique Industriel de la Plasturgie et des Composites","isPartOf":{"@id":"https:\/\/www.ct-ipc.com\/en\/#website"},"datePublished":"2022-09-08T08:58:01+00:00","dateModified":"2023-11-08T17:36:24+00:00","description":"IPC a mis en place la ligne Biod\u00e9gradix qui permet d'\u00e9valuer l\u2019ensemble des param\u00e8tres de biod\u00e9gradabilit\u00e9 d'un plastique en milieu compost ou marin.","breadcrumb":{"@id":"https:\/\/www.ct-ipc.com\/en\/industry\/technical-facilities\/biodegradability\/#breadcrumb"},"inLanguage":"en-US","potentialAction":[{"@type":"ReadAction","target":["https:\/\/www.ct-ipc.com\/en\/industry\/technical-facilities\/biodegradability\/"]}]},{"@type":"BreadcrumbList","@id":"https:\/\/www.ct-ipc.com\/en\/industry\/technical-facilities\/biodegradability\/#breadcrumb","itemListElement":[{"@type":"ListItem","position":1,"name":"Home","item":"https:\/\/www.ct-ipc.com\/en\/"},{"@type":"ListItem","position":2,"name":"Industry","item":"https:\/\/www.ct-ipc.com\/en\/industry\/"},{"@type":"ListItem","position":3,"name":"Technical facilities","item":"https:\/\/www.ct-ipc.com\/en\/industry\/technical-facilities\/"},{"@type":"ListItem","position":4,"name":"Biodegradability"}]},{"@type":"WebSite","@id":"https:\/\/www.ct-ipc.com\/en\/#website","url":"https:\/\/www.ct-ipc.com\/en\/","name":"IPC, Centre Technique Industriel de la Plasturgie et des Composites","description":"","potentialAction":[{"@type":"SearchAction","target":{"@type":"EntryPoint","urlTemplate":"https:\/\/www.ct-ipc.com\/en\/?s={search_term_string}"},"query-input":{"@type":"PropertyValueSpecification","valueRequired":true,"valueName":"search_term_string"}}],"inLanguage":"en-US"}]}},"_links":{"self":[{"href":"https:\/\/www.ct-ipc.com\/en\/wp-json\/wp\/v2\/pages\/5433","targetHints":{"allow":["GET"]}}],"collection":[{"href":"https:\/\/www.ct-ipc.com\/en\/wp-json\/wp\/v2\/pages"}],"about":[{"href":"https:\/\/www.ct-ipc.com\/en\/wp-json\/wp\/v2\/types\/page"}],"author":[{"embeddable":true,"href":"https:\/\/www.ct-ipc.com\/en\/wp-json\/wp\/v2\/users\/4"}],"replies":[{"embeddable":true,"href":"https:\/\/www.ct-ipc.com\/en\/wp-json\/wp\/v2\/comments?post=5433"}],"version-history":[{"count":0,"href":"https:\/\/www.ct-ipc.com\/en\/wp-json\/wp\/v2\/pages\/5433\/revisions"}],"up":[{"embeddable":true,"href":"https:\/\/www.ct-ipc.com\/en\/wp-json\/wp\/v2\/pages\/5429"}],"wp:attachment":[{"href":"https:\/\/www.ct-ipc.com\/en\/wp-json\/wp\/v2\/media?parent=5433"}],"curies":[{"name":"wp","href":"https:\/\/api.w.org\/{rel}","templated":true}]}}